{"id":2895,"date":"2025-09-08T17:20:33","date_gmt":"2025-09-08T21:20:33","guid":{"rendered":"https:\/\/www.aesu.com\/?page_id=2895"},"modified":"2026-01-25T13:59:11","modified_gmt":"2026-01-25T18:59:11","slug":"26ice-options","status":"publish","type":"page","link":"https:\/\/bobeckmedia.com\/aesu\/26ice-options\/","title":{"rendered":"Iceland Escape &#8211; Optional Activities"},"content":{"rendered":"\n<div style=\"height:30px\" aria-hidden=\"true\" class=\"wp-block-spacer\"><\/div>\n\n\n\n<div class=\"wp-block-columns are-vertically-aligned-center has-background is-layout-flex wp-container-core-columns-is-layout-9d6595d7 wp-block-columns-is-layout-flex\" style=\"background-color:#f2f2f2\">\n<div class=\"wp-block-column is-vertically-aligned-center is-layout-flow wp-block-column-is-layout-flow\" style=\"flex-basis:33.33%\">\n<figure class=\"wp-block-image size-full\"><img decoding=\"async\" width=\"500\" height=\"400\" src=\"https:\/\/bobeckmedia.com\/aesu\/wp-content\/uploads\/2025\/07\/perlam-options.jpg\" alt=\"\" class=\"wp-image-718\" style=\"aspect-ratio:1;object-fit:cover\" srcset=\"https:\/\/bobeckmedia.com\/aesu\/wp-content\/uploads\/2025\/07\/perlam-options.jpg 500w, https:\/\/bobeckmedia.com\/aesu\/wp-content\/uploads\/2025\/07\/perlam-options-300x240.jpg 300w\" sizes=\"(max-width: 500px) 100vw, 500px\" \/><\/figure>\n<\/div>\n\n\n\n<div class=\"wp-block-column is-vertically-aligned-center is-layout-flow wp-block-column-is-layout-flow\" style=\"flex-basis:66.66%\"> \n<div data-block=\"gutenkit\/container\" data-post-id=\"2895\" id=\"block-f23bc7c7-e696-458d-b2f2-5d0deec04291\" class=\"wp-block-gutenkit-container gkit-block-custom-wide gkitc04291 gutenkit-block\"><div class=\"gkit-block__inner\">\n<div class=\"wp-block-group\"><div class=\"wp-block-group__inner-container is-layout-constrained wp-block-group-is-layout-constrained\">\n<h2 class=\"wp-block-heading\"><strong>Perlan Museum Visit in Reykjavik<\/strong><\/h2>\n\n\n\n<p><span class=\"wp-rich-text-font-awesome-icon wp-font-awesome-icon\"><svg aria-hidden=\"true\" focusable=\"false\" data-prefix=\"fas\" data-icon=\"credit-card\" class=\"svg-inline--fa fa-credit-card \" role=\"img\" xmlns=\"http:\/\/www.w3.org\/2000\/svg\" viewBox=\"0 0 576 512\"><path fill=\"currentColor\" d=\"M64 32C28.7 32 0 60.7 0 96l0 32 576 0 0-32c0-35.3-28.7-64-64-64L64 32zM576 224L0 224 0 416c0 35.3 28.7 64 64 64l448 0c35.3 0 64-28.7 64-64l0-192zM112 352l64 0c8.8 0 16 7.2 16 16s-7.2 16-16 16l-64 0c-8.8 0-16-7.2-16-16s7.2-16 16-16zm112 16c0-8.8 7.2-16 16-16l128 0c8.8 0 16 7.2 16 16s-7.2 16-16 16l-128 0c-8.8 0-16-7.2-16-16z\"><\/path><\/svg><\/span> <strong>$<\/strong>95<\/p>\n\n\n\n<p>A visit to the Perlan Museum in Reykjav\u00edk is an immersive journey into Iceland&#8217;s natural wonders, blending science, technology, and breathtaking views. Perched on \u00d6skjuhl\u00ed\u00f0 Hill, this iconic glass-domed building offers panoramic vistas of the city and surrounding landscapes from its 360-degree observation deck. Inside, interactive exhibits bring Iceland&#8217;s geological marvels to life, from a man-made ice cave to stunning displays of glaciers, volcanoes, and the Northern Lights planetarium show. Visitors can experience the raw power of nature up close, walking through icy tunnels, witnessing simulated eruptions, and learning about the country&#8217;s ever-changing environment. Whether marveling at the wonders of fire and ice or simply enjoying a meal at the revolving restaurant with sweeping city views, Perlan is a must-visit destination that perfectly captures the magic of Iceland.<\/p>\n<\/div><\/div>\n<\/div><\/div>\n <\/div>\n<\/div>\n\n\n\n<p><\/p>\n","protected":false},"excerpt":{"rendered":"","protected":false},"author":2,"featured_media":0,"parent":0,"menu_order":17,"comment_status":"closed","ping_status":"closed","template":"page-full-width.php","meta":{"_acf_changed":false,"postBodyCss":"","postBodyMargin":[],"postBodyPadding":[],"postBodyBackground":{"backgroundType":"classic","gradient":""},"footnotes":""},"wf_page_folders":[925],"class_list":["post-2895","page","type-page","status-publish","hentry"],"acf":[],"yoast_head":"<!-- This site is optimized with the Yoast SEO plugin v27.1.1 - https:\/\/yoast.com\/product\/yoast-seo-wordpress\/ -->\n<title>Iceland Escape - Optional Activities - AESU Travel<\/title>\n<meta name=\"robots\" content=\"index, follow, max-snippet:-1, max-image-preview:large, max-video-preview:-1\" \/>\n<link rel=\"canonical\" href=\"https:\/\/bobeckmedia.com\/aesu\/26ice-options\/\" \/>\n<meta property=\"og:locale\" content=\"en_US\" \/>\n<meta property=\"og:type\" content=\"article\" \/>\n<meta property=\"og:title\" content=\"Iceland Escape - Optional Activities - AESU Travel\" \/>\n<meta property=\"og:url\" content=\"https:\/\/bobeckmedia.com\/aesu\/26ice-options\/\" \/>\n<meta property=\"og:site_name\" content=\"AESU Travel\" \/>\n<meta property=\"article:publisher\" content=\"https:\/\/www.facebook.com\/AESUTravel\" \/>\n<meta property=\"article:modified_time\" content=\"2026-01-25T18:59:11+00:00\" \/>\n<meta property=\"og:image\" content=\"https:\/\/bobeckmedia.com\/aesu\/wp-content\/uploads\/2025\/07\/perlam-options.jpg\" \/>\n\t<meta property=\"og:image:width\" content=\"500\" \/>\n\t<meta property=\"og:image:height\" content=\"400\" \/>\n\t<meta property=\"og:image:type\" content=\"image\/jpeg\" \/>\n<meta name=\"twitter:card\" content=\"summary_large_image\" \/>\n<meta name=\"twitter:site\" content=\"@aesutravel\" \/>\n<meta name=\"twitter:label1\" content=\"Est. reading time\" \/>\n\t<meta name=\"twitter:data1\" content=\"1 minute\" \/>\n<script type=\"application\/ld+json\" class=\"yoast-schema-graph\">{\"@context\":\"https:\/\/schema.org\",\"@graph\":[{\"@type\":\"WebPage\",\"@id\":\"https:\/\/bobeckmedia.com\/aesu\/26ice-options\/\",\"url\":\"https:\/\/bobeckmedia.com\/aesu\/26ice-options\/\",\"name\":\"Iceland Escape - Optional Activities - AESU Travel\",\"isPartOf\":{\"@id\":\"https:\/\/bobeckmedia.com\/aesu\/#website\"},\"primaryImageOfPage\":{\"@id\":\"https:\/\/bobeckmedia.com\/aesu\/26ice-options\/#primaryimage\"},\"image\":{\"@id\":\"https:\/\/bobeckmedia.com\/aesu\/26ice-options\/#primaryimage\"},\"thumbnailUrl\":\"https:\/\/bobeckmedia.com\/aesu\/wp-content\/uploads\/2025\/07\/perlam-options.jpg\",\"datePublished\":\"2025-09-08T21:20:33+00:00\",\"dateModified\":\"2026-01-25T18:59:11+00:00\",\"breadcrumb\":{\"@id\":\"https:\/\/bobeckmedia.com\/aesu\/26ice-options\/#breadcrumb\"},\"inLanguage\":\"en-US\",\"potentialAction\":[{\"@type\":\"ReadAction\",\"target\":[\"https:\/\/bobeckmedia.com\/aesu\/26ice-options\/\"]}]},{\"@type\":\"ImageObject\",\"inLanguage\":\"en-US\",\"@id\":\"https:\/\/bobeckmedia.com\/aesu\/26ice-options\/#primaryimage\",\"url\":\"https:\/\/bobeckmedia.com\/aesu\/wp-content\/uploads\/2025\/07\/perlam-options.jpg\",\"contentUrl\":\"https:\/\/bobeckmedia.com\/aesu\/wp-content\/uploads\/2025\/07\/perlam-options.jpg\",\"width\":500,\"height\":400},{\"@type\":\"BreadcrumbList\",\"@id\":\"https:\/\/bobeckmedia.com\/aesu\/26ice-options\/#breadcrumb\",\"itemListElement\":[{\"@type\":\"ListItem\",\"position\":1,\"name\":\"Home\",\"item\":\"https:\/\/bobeckmedia.com\/aesu\/\"},{\"@type\":\"ListItem\",\"position\":2,\"name\":\"Iceland Escape &#8211; Optional Activities\"}]},{\"@type\":\"WebSite\",\"@id\":\"https:\/\/bobeckmedia.com\/aesu\/#website\",\"url\":\"https:\/\/bobeckmedia.com\/aesu\/\",\"name\":\"AESU Travel\",\"description\":\"Expanding Horizons Since 1977\",\"publisher\":{\"@id\":\"https:\/\/bobeckmedia.com\/aesu\/#organization\"},\"alternateName\":\"AESU, Inc.\",\"potentialAction\":[{\"@type\":\"SearchAction\",\"target\":{\"@type\":\"EntryPoint\",\"urlTemplate\":\"https:\/\/bobeckmedia.com\/aesu\/?s={search_term_string}\"},\"query-input\":{\"@type\":\"PropertyValueSpecification\",\"valueRequired\":true,\"valueName\":\"search_term_string\"}}],\"inLanguage\":\"en-US\"},{\"@type\":\"Organization\",\"@id\":\"https:\/\/bobeckmedia.com\/aesu\/#organization\",\"name\":\"AESU Travel\",\"alternateName\":\"AESU, Inc.\",\"url\":\"https:\/\/bobeckmedia.com\/aesu\/\",\"logo\":{\"@type\":\"ImageObject\",\"inLanguage\":\"en-US\",\"@id\":\"https:\/\/bobeckmedia.com\/aesu\/#\/schema\/logo\/image\/\",\"url\":\"https:\/\/bobeckmedia.com\/aesu\/wp-content\/uploads\/2025\/12\/AESU-circle-2025_dark-teal.png\",\"contentUrl\":\"https:\/\/bobeckmedia.com\/aesu\/wp-content\/uploads\/2025\/12\/AESU-circle-2025_dark-teal.png\",\"width\":2000,\"height\":2000,\"caption\":\"AESU Travel\"},\"image\":{\"@id\":\"https:\/\/bobeckmedia.com\/aesu\/#\/schema\/logo\/image\/\"},\"sameAs\":[\"https:\/\/www.facebook.com\/AESUTravel\",\"https:\/\/x.com\/aesutravel\",\"https:\/\/www.instagram.com\/aesutravel\/\",\"https:\/\/www.linkedin.com\/company\/aesu\/\"]}]}<\/script>\n<!-- \/ Yoast SEO plugin. -->","yoast_head_json":{"title":"Iceland Escape - Optional Activities - AESU Travel","robots":{"index":"index","follow":"follow","max-snippet":"max-snippet:-1","max-image-preview":"max-image-preview:large","max-video-preview":"max-video-preview:-1"},"canonical":"https:\/\/bobeckmedia.com\/aesu\/26ice-options\/","og_locale":"en_US","og_type":"article","og_title":"Iceland Escape - Optional Activities - AESU Travel","og_url":"https:\/\/bobeckmedia.com\/aesu\/26ice-options\/","og_site_name":"AESU Travel","article_publisher":"https:\/\/www.facebook.com\/AESUTravel","article_modified_time":"2026-01-25T18:59:11+00:00","og_image":[{"width":500,"height":400,"url":"https:\/\/bobeckmedia.com\/aesu\/wp-content\/uploads\/2025\/07\/perlam-options.jpg","type":"image\/jpeg"}],"twitter_card":"summary_large_image","twitter_site":"@aesutravel","twitter_misc":{"Est. reading time":"1 minute"},"schema":{"@context":"https:\/\/schema.org","@graph":[{"@type":"WebPage","@id":"https:\/\/bobeckmedia.com\/aesu\/26ice-options\/","url":"https:\/\/bobeckmedia.com\/aesu\/26ice-options\/","name":"Iceland Escape - Optional Activities - AESU Travel","isPartOf":{"@id":"https:\/\/bobeckmedia.com\/aesu\/#website"},"primaryImageOfPage":{"@id":"https:\/\/bobeckmedia.com\/aesu\/26ice-options\/#primaryimage"},"image":{"@id":"https:\/\/bobeckmedia.com\/aesu\/26ice-options\/#primaryimage"},"thumbnailUrl":"https:\/\/bobeckmedia.com\/aesu\/wp-content\/uploads\/2025\/07\/perlam-options.jpg","datePublished":"2025-09-08T21:20:33+00:00","dateModified":"2026-01-25T18:59:11+00:00","breadcrumb":{"@id":"https:\/\/bobeckmedia.com\/aesu\/26ice-options\/#breadcrumb"},"inLanguage":"en-US","potentialAction":[{"@type":"ReadAction","target":["https:\/\/bobeckmedia.com\/aesu\/26ice-options\/"]}]},{"@type":"ImageObject","inLanguage":"en-US","@id":"https:\/\/bobeckmedia.com\/aesu\/26ice-options\/#primaryimage","url":"https:\/\/bobeckmedia.com\/aesu\/wp-content\/uploads\/2025\/07\/perlam-options.jpg","contentUrl":"https:\/\/bobeckmedia.com\/aesu\/wp-content\/uploads\/2025\/07\/perlam-options.jpg","width":500,"height":400},{"@type":"BreadcrumbList","@id":"https:\/\/bobeckmedia.com\/aesu\/26ice-options\/#breadcrumb","itemListElement":[{"@type":"ListItem","position":1,"name":"Home","item":"https:\/\/bobeckmedia.com\/aesu\/"},{"@type":"ListItem","position":2,"name":"Iceland Escape &#8211; Optional Activities"}]},{"@type":"WebSite","@id":"https:\/\/bobeckmedia.com\/aesu\/#website","url":"https:\/\/bobeckmedia.com\/aesu\/","name":"AESU Travel","description":"Expanding Horizons Since 1977","publisher":{"@id":"https:\/\/bobeckmedia.com\/aesu\/#organization"},"alternateName":"AESU, Inc.","potentialAction":[{"@type":"SearchAction","target":{"@type":"EntryPoint","urlTemplate":"https:\/\/bobeckmedia.com\/aesu\/?s={search_term_string}"},"query-input":{"@type":"PropertyValueSpecification","valueRequired":true,"valueName":"search_term_string"}}],"inLanguage":"en-US"},{"@type":"Organization","@id":"https:\/\/bobeckmedia.com\/aesu\/#organization","name":"AESU Travel","alternateName":"AESU, Inc.","url":"https:\/\/bobeckmedia.com\/aesu\/","logo":{"@type":"ImageObject","inLanguage":"en-US","@id":"https:\/\/bobeckmedia.com\/aesu\/#\/schema\/logo\/image\/","url":"https:\/\/bobeckmedia.com\/aesu\/wp-content\/uploads\/2025\/12\/AESU-circle-2025_dark-teal.png","contentUrl":"https:\/\/bobeckmedia.com\/aesu\/wp-content\/uploads\/2025\/12\/AESU-circle-2025_dark-teal.png","width":2000,"height":2000,"caption":"AESU Travel"},"image":{"@id":"https:\/\/bobeckmedia.com\/aesu\/#\/schema\/logo\/image\/"},"sameAs":["https:\/\/www.facebook.com\/AESUTravel","https:\/\/x.com\/aesutravel","https:\/\/www.instagram.com\/aesutravel\/","https:\/\/www.linkedin.com\/company\/aesu\/"]}]}},"_links":{"self":[{"href":"https:\/\/bobeckmedia.com\/aesu\/wp-json\/wp\/v2\/pages\/2895","targetHints":{"allow":["GET"]}}],"collection":[{"href":"https:\/\/bobeckmedia.com\/aesu\/wp-json\/wp\/v2\/pages"}],"about":[{"href":"https:\/\/bobeckmedia.com\/aesu\/wp-json\/wp\/v2\/types\/page"}],"author":[{"embeddable":true,"href":"https:\/\/bobeckmedia.com\/aesu\/wp-json\/wp\/v2\/users\/2"}],"replies":[{"embeddable":true,"href":"https:\/\/bobeckmedia.com\/aesu\/wp-json\/wp\/v2\/comments?post=2895"}],"version-history":[{"count":6,"href":"https:\/\/bobeckmedia.com\/aesu\/wp-json\/wp\/v2\/pages\/2895\/revisions"}],"predecessor-version":[{"id":14777,"href":"https:\/\/bobeckmedia.com\/aesu\/wp-json\/wp\/v2\/pages\/2895\/revisions\/14777"}],"wp:attachment":[{"href":"https:\/\/bobeckmedia.com\/aesu\/wp-json\/wp\/v2\/media?parent=2895"}],"wp:term":[{"taxonomy":"wf_page_folders","embeddable":true,"href":"https:\/\/bobeckmedia.com\/aesu\/wp-json\/wp\/v2\/wf_page_folders?post=2895"}],"curies":[{"name":"wp","href":"https:\/\/api.w.org\/{rel}","templated":true}]}}